{"id":429,"date":"2011-12-15T20:48:16","date_gmt":"2011-12-15T20:48:16","guid":{"rendered":"https:\/\/agencecaractere.com\/?page_id=429"},"modified":"2023-05-18T09:52:36","modified_gmt":"2023-05-18T14:52:36","slug":"formations","status":"publish","type":"page","link":"https:\/\/agencecaractere.com\/en\/formations\/","title":{"rendered":"Trainings"},"content":{"rendered":"<p><a class=\"big-button\" href=\"https:\/\/agencecaractere.com\/formations\/inscription\/\" target=\"\"> Vous d\u00e9sirez vous inscrire? Cliquez-ici <\/a><\/p>\n<h2>Perfectionnement f\u00e9minin :<\/h2>\n<ul>\n<li>Art vestimentaire<\/li>\n<li>Coiffure<\/li>\n<li>Expression orale<\/li>\n<li>Maintien et comportement social et techniques d&#8217;entrevues<\/li>\n<li>Maquillage<\/li>\n<li>Nutrition<\/li>\n<li>Personnalit\u00e9<\/li>\n<li>Photographie<\/li>\n<li>Soins de la peau et manucure<\/li>\n<li>Le jeu en expression<\/li>\n<\/ul>\n<p>Groupe d&#8217;\u00e2ge vari\u00e9 Dur\u00e9e du cours : 20 heures<\/p>\n<h2>Mannequin f\u00e9minin :<\/h2>\n<p>Pr\u00e9-requis : cours de perfectionnement f\u00e9minin<\/p>\n<ul>\n<li>D\u00e9marche<\/li>\n<li>\u00c9thique professionnelle<\/li>\n<li>Maquillage de sc\u00e8ne<\/li>\n<li>R\u00f4le de l&#8217;h\u00f4tesse<\/li>\n<li>Soins du corps<\/li>\n<li>Valise du mannequin<\/li>\n<\/ul>\n<p>Dur\u00e9e du cours : 25 heures<\/p>\n<h2>Mannequin masculin :<\/h2>\n<ul>\n<li>Art vestimentaire<\/li>\n<li>Carri\u00e8re du mannequin<\/li>\n<li>Coiffure<\/li>\n<li>Comportement social<\/li>\n<li>D\u00e9marche<\/li>\n<li>\u00c9thique professionnelle<\/li>\n<li>Expression orale<\/li>\n<li>Maquillage<\/li>\n<li>Nutrition<\/li>\n<li>Photographie<\/li>\n<li>R\u00f4le de l&#8217;h\u00f4te<\/li>\n<li>Soins de la peau et manucure<\/li>\n<li>Le jeu en expression<\/li>\n<li>Valise du mannequin<\/li>\n<\/ul>\n<p>Dur\u00e9e du cours : 30 heures<\/p>\n<h2>Junior (8 \u00e0 12 ans) :<\/h2>\n<ul>\n<li>Art vestimentaire<\/li>\n<li>Coiffure<\/li>\n<li>D\u00e9marche<\/li>\n<li>Maintien<\/li>\n<li>Maquillage<\/li>\n<li>Nutrition<\/li>\n<li>Photographie<\/li>\n<li>Soins de la peau et manucure<\/li>\n<\/ul>\n<p>Dur\u00e9e du cours : 16 heures<\/p>\n<h2>Ateliers pour dames :<\/h2>\n<p>Ateliers adapt\u00e9s pour r\u00e9pondre aux besoins sp\u00e9cifiques des dames : maquillage, coiffure, art vestimentaire, d\u00e9marche, maintien, etc\u2026. Dur\u00e9e du cours : 2 heures<\/p>\n","protected":false},"excerpt":{"rendered":"<p>Perfectionnement f\u00e9minin : Art vestimentaire Coiffure Expression orale Maintien et comportement social et techniques d&#8217;entrevues Maquillage Nutrition Personnalit\u00e9 Photographie Soins de la peau et manucure Le jeu en expression Groupe d&#8217;\u00e2ge vari\u00e9 Dur\u00e9e du cours : 20 heures Mannequin f\u00e9minin : Pr\u00e9-requis : cours de perfectionnement f\u00e9minin D\u00e9marche \u00c9thique professionnelle Maquillage de sc\u00e8ne R\u00f4le de l&#8217;h\u00f4tesse Soins du corps Valise du mannequin Dur\u00e9e du cours : 25 heures Mannequin masculin : Art vestimentaire Carri\u00e8re du mannequin Coiffure Comportement social D\u00e9marche \u00c9thique professionnelle Expression orale Maquillage Nutrition Photographie R\u00f4le de l&#8217;h\u00f4te Soins de la peau et manucure Le jeu en expression &hellip; <\/p>\n<div class=\"more-diva-2\"><span class=\"more-link-2\"><a href=\"https:\/\/agencecaractere.com\/en\/formations\/\">Read More<\/a><\/span><\/div>\n","protected":false},"author":1,"featured_media":0,"parent":0,"menu_order":0,"comment_status":"open","ping_status":"open","template":"full_width.php","meta":{"footnotes":""},"class_list":["post-429","page","type-page","status-publish","hentry"],"_links":{"self":[{"href":"https:\/\/agencecaractere.com\/en\/wp-json\/wp\/v2\/pages\/429","targetHints":{"allow":["GET"]}}],"collection":[{"href":"https:\/\/agencecaractere.com\/en\/wp-json\/wp\/v2\/pages"}],"about":[{"href":"https:\/\/agencecaractere.com\/en\/wp-json\/wp\/v2\/types\/page"}],"author":[{"embeddable":true,"href":"https:\/\/agencecaractere.com\/en\/wp-json\/wp\/v2\/users\/1"}],"replies":[{"embeddable":true,"href":"https:\/\/agencecaractere.com\/en\/wp-json\/wp\/v2\/comments?post=429"}],"version-history":[{"count":3,"href":"https:\/\/agencecaractere.com\/en\/wp-json\/wp\/v2\/pages\/429\/revisions"}],"predecessor-version":[{"id":9153,"href":"https:\/\/agencecaractere.com\/en\/wp-json\/wp\/v2\/pages\/429\/revisions\/9153"}],"wp:attachment":[{"href":"https:\/\/agencecaractere.com\/en\/wp-json\/wp\/v2\/media?parent=429"}],"curies":[{"name":"wp","href":"https:\/\/api.w.org\/{rel}","templated":true}]}}